{"id":38,"date":"2016-05-25T10:37:53","date_gmt":"2016-05-25T10:37:53","guid":{"rendered":"http:\/\/kalorienbalance.leichterwandern.de\/?page_id=38"},"modified":"2021-12-27T10:14:31","modified_gmt":"2021-12-27T10:14:31","slug":"gluecksgefuehle","status":"publish","type":"page","link":"https:\/\/leichterwandern.de\/?page_id=38","title":{"rendered":"Termine 2022"},"content":{"rendered":"<h1>Rein in die Wanderschuhe, Rucksack auf und raus in die Natur!<\/h1>\n<p><strong>Wenn es losgeht, erfahrt ihr es hier.<br \/>\n<\/strong><\/p>\n<h3><\/h3>\n<p>&nbsp;<\/p>\n<h3><\/h3>\n<p><a href=\"http:\/\/kalorienbalance.leichterwandern.de\/wp-content\/uploads\/2020\/01\/Rucksack.jpg\"><img decoding=\"async\" loading=\"lazy\" class=\"alignnone size-full wp-image-1413\" src=\"http:\/\/kalorienbalance.leichterwandern.de\/wp-content\/uploads\/2020\/01\/Rucksack.jpg\" alt=\"\" width=\"4032\" height=\"3024\" srcset=\"https:\/\/leichterwandern.de\/wp-content\/uploads\/2020\/01\/Rucksack.jpg 4032w, https:\/\/leichterwandern.de\/wp-content\/uploads\/2020\/01\/Rucksack-300x225.jpg 300w, https:\/\/leichterwandern.de\/wp-content\/uploads\/2020\/01\/Rucksack-768x576.jpg 768w, https:\/\/leichterwandern.de\/wp-content\/uploads\/2020\/01\/Rucksack-1024x768.jpg 1024w\" sizes=\"(max-width: 4032px) 100vw, 4032px\" \/><\/a><\/p>\n<h3><\/h3>\n<h3><\/h3>\n<h3><\/h3>\n<h3><\/h3>\n<h3><strong>Wanderung zur L\u00f6wenburg<\/strong><\/h3>\n<h5>Maximale Teilnehmer Zahl: 15 Wanderlustige<\/h5>\n<h5>Dauer: 2 Stunden<\/h5>\n<h5>Strecke: 5,7 km<\/h5>\n<h5>Aufstieg\/Abstieg: 183 hm<\/h5>\n<h5>Von der Margarethenh\u00f6he geht es zur L\u00f6wenburg. Hier gibt es einen herrlichen Blick \u00fcber das Siebengebirge.<\/h5>\n<hr \/>\n<h3><\/h3>\n<h3><strong>Wanderung im auf den \u00d6lberg<\/strong><\/h3>\n<h5>Maximale Teilnehmer Zahl: 15 Wanderlustige<\/h5>\n<h5>Dauer: 2 Stunden<\/h5>\n<h5>Strecke: 6 km<\/h5>\n<h5>Aufstieg\/Abstieg: 165 hm<\/h5>\n<h5><\/h5>\n<h5>Wir starten an der Margarethenh\u00f6he und genie\u00dfen die Buchenw\u00e4lder rund um den \u00d6lberg. Auf dem Gipfel haben wir eine tolle Aussicht \u00fcber die K\u00f6ln-Bonner-Bucht.<\/h5>\n","protected":false},"excerpt":{"rendered":"<p>Rein in die Wanderschuhe, Rucksack auf und raus in die Natur! Wenn es losgeht, erfahrt ihr es hier. &nbsp; Wanderung zur L\u00f6wenburg Maximale Teilnehmer Zahl: 15 Wanderlustige Dauer: 2 Stunden Strecke: 5,7 km Aufstieg\/Abstieg: 183 hm Von der Margarethenh\u00f6he geht es zur L\u00f6wenburg. Hier gibt es einen herrlichen Blick \u00fcber das Siebengebirge. Wanderung im auf [&hellip;]<\/p>\n","protected":false},"author":2,"featured_media":1310,"parent":0,"menu_order":0,"comment_status":"closed","ping_status":"closed","template":"template-full-width.php","meta":[],"_links":{"self":[{"href":"https:\/\/leichterwandern.de\/index.php?rest_route=\/wp\/v2\/pages\/38"}],"collection":[{"href":"https:\/\/leichterwandern.de\/index.php?rest_route=\/wp\/v2\/pages"}],"about":[{"href":"https:\/\/leichterwandern.de\/index.php?rest_route=\/wp\/v2\/types\/page"}],"author":[{"embeddable":true,"href":"https:\/\/leichterwandern.de\/index.php?rest_route=\/wp\/v2\/users\/2"}],"replies":[{"embeddable":true,"href":"https:\/\/leichterwandern.de\/index.php?rest_route=%2Fwp%2Fv2%2Fcomments&post=38"}],"version-history":[{"count":51,"href":"https:\/\/leichterwandern.de\/index.php?rest_route=\/wp\/v2\/pages\/38\/revisions"}],"predecessor-version":[{"id":1637,"href":"https:\/\/leichterwandern.de\/index.php?rest_route=\/wp\/v2\/pages\/38\/revisions\/1637"}],"wp:featuredmedia":[{"embeddable":true,"href":"https:\/\/leichterwandern.de\/index.php?rest_route=\/wp\/v2\/media\/1310"}],"wp:attachment":[{"href":"https:\/\/leichterwandern.de\/index.php?rest_route=%2Fwp%2Fv2%2Fmedia&parent=38"}],"curies":[{"name":"wp","href":"https:\/\/api.w.org\/{rel}","templated":true}]}}