{"id":1256,"date":"2019-11-05T11:39:46","date_gmt":"2019-11-05T11:39:46","guid":{"rendered":"http:\/\/leichterwandern.de\/?page_id=1256"},"modified":"2023-06-04T18:40:54","modified_gmt":"2023-06-04T18:40:54","slug":"gogo-front","status":"publish","type":"page","link":"https:\/\/leichterwandern.de\/","title":{"rendered":"Gl\u00fccklicher mit jedem Schritt"},"content":{"rendered":"<blockquote>\n<h1>In der Natur unterwegs zu sein, ist Genuss pur.<\/h1>\n<\/blockquote>\n<h3><\/h3>\n<h3><a href=\"http:\/\/kalorienbalance.leichterwandern.de\/wp-content\/uploads\/2020\/01\/509NZL19-.jpg\"><img decoding=\"async\" loading=\"lazy\" class=\"alignnone size-full wp-image-1484\" src=\"http:\/\/kalorienbalance.leichterwandern.de\/wp-content\/uploads\/2020\/01\/509NZL19-.jpg\" alt=\"\" width=\"6000\" height=\"4000\" srcset=\"https:\/\/leichterwandern.de\/wp-content\/uploads\/2020\/01\/509NZL19-.jpg 6000w, https:\/\/leichterwandern.de\/wp-content\/uploads\/2020\/01\/509NZL19--300x200.jpg 300w, https:\/\/leichterwandern.de\/wp-content\/uploads\/2020\/01\/509NZL19--768x512.jpg 768w, https:\/\/leichterwandern.de\/wp-content\/uploads\/2020\/01\/509NZL19--1024x683.jpg 1024w\" sizes=\"(max-width: 6000px) 100vw, 6000px\" \/><\/a><\/h3>\n<h3>Es l\u00e4sst den Gedanken freien Lauf. Wandern entspannt vom Alltag. Mit Freunden unterwegs zu sein wird zu einem wundervollen Erlebnis. Rauschende W\u00e4lder, singende V\u00f6gel, sirrende Zikaden und pl\u00e4tschernde B\u00e4che bieten eine wundersch\u00f6ne Klangkulisse. Gl\u00fccksgef\u00fchle lassen das Herz h\u00f6her schlagen.<\/h3>\n<h3>Wandern ist eine sanfte Bewegungsform, aber es baut auch Kondition auf und ist gut f\u00fcr das Herz-\/Kreislaufsystem. Muskeln und Gelenke kommen in Schwung. \u00a0Brennende \u00a0Waden und Atemlosigkeit geh\u00f6ren bald der Vergangenheit an.<\/h3>\n<p>&nbsp;<\/p>\n<h3><a href=\"http:\/\/kalorienbalance.leichterwandern.de\/wp-content\/uploads\/2019\/11\/Vorstellung_1.jpg\"><img decoding=\"async\" loading=\"lazy\" class=\"alignleft size-medium wp-image-1392\" src=\"http:\/\/kalorienbalance.leichterwandern.de\/wp-content\/uploads\/2019\/11\/Vorstellung_1-292x300.jpg\" alt=\"\" width=\"292\" height=\"300\" srcset=\"https:\/\/leichterwandern.de\/wp-content\/uploads\/2019\/11\/Vorstellung_1-292x300.jpg 292w, https:\/\/leichterwandern.de\/wp-content\/uploads\/2019\/11\/Vorstellung_1-768x789.jpg 768w, https:\/\/leichterwandern.de\/wp-content\/uploads\/2019\/11\/Vorstellung_1-996x1024.jpg 996w\" sizes=\"(max-width: 292px) 100vw, 292px\" \/><\/a>Als zertifizierte Wanderf\u00fchrerin im Deutschen Wanderverband f\u00fchre ich Wander-Gruppen durch die Natur. Ich bin selbstst\u00e4ndige Grafik-Designerin und finde meine Entspannung beim Wandern durch die wundersch\u00f6ne Landschaft der K\u00f6ln-Bonner Bucht oder der Eifel. Es zieht mich besonders auf die langen Etappen wie die Top-Trails oder die Weltweit sch\u00f6nsten Wanderwege. Der Laugavegur auf Island oder der Milford Track, der Abel Tasman Track oder der Franziskus-Pilger-Weg.<\/h3>\n<h3><\/h3>\n<h3>Ich kann mir nichts Sch\u00f6neres vorstellen als durch diese wundersch\u00f6nen Landschaften zu laufen und einzigartige Fotos zu machen. F\u00fcr mich ist jede Wanderung Inspiration, die mir hilft immer wieder neue Ideen grafisch umzusetzen.<\/h3>\n<h3><\/h3>\n<h3>Ich freue mich \u00fcber jeden, der sich mir anschlie\u00dfen m\u00f6chte bei einer meinen Wanderungen. Diese werden auf der Terminseite ver\u00f6ffentlicht. Und keine Sorge, wir Wanderer sind nette Leute mit denen man viel Spa\u00df hat. Und dabei fallen die Anstrengungen \u00fcber einen Berg zu gehen gar nicht mehr auf.<\/h3>\n<h3><\/h3>\n<h3><\/h3>\n","protected":false},"excerpt":{"rendered":"<p>In der Natur unterwegs zu sein, ist Genuss pur. Es l\u00e4sst den Gedanken freien Lauf. Wandern entspannt vom Alltag. Mit Freunden unterwegs zu sein wird zu einem wundervollen Erlebnis. Rauschende W\u00e4lder, singende V\u00f6gel, sirrende Zikaden und pl\u00e4tschernde B\u00e4che bieten eine wundersch\u00f6ne Klangkulisse. Gl\u00fccksgef\u00fchle lassen das Herz h\u00f6her schlagen. Wandern ist eine sanfte Bewegungsform, aber es [&hellip;]<\/p>\n","protected":false},"author":2,"featured_media":1504,"parent":0,"menu_order":0,"comment_status":"closed","ping_status":"closed","template":"","meta":[],"_links":{"self":[{"href":"https:\/\/leichterwandern.de\/index.php?rest_route=\/wp\/v2\/pages\/1256"}],"collection":[{"href":"https:\/\/leichterwandern.de\/index.php?rest_route=\/wp\/v2\/pages"}],"about":[{"href":"https:\/\/leichterwandern.de\/index.php?rest_route=\/wp\/v2\/types\/page"}],"author":[{"embeddable":true,"href":"https:\/\/leichterwandern.de\/index.php?rest_route=\/wp\/v2\/users\/2"}],"replies":[{"embeddable":true,"href":"https:\/\/leichterwandern.de\/index.php?rest_route=%2Fwp%2Fv2%2Fcomments&post=1256"}],"version-history":[{"count":32,"href":"https:\/\/leichterwandern.de\/index.php?rest_route=\/wp\/v2\/pages\/1256\/revisions"}],"predecessor-version":[{"id":1562,"href":"https:\/\/leichterwandern.de\/index.php?rest_route=\/wp\/v2\/pages\/1256\/revisions\/1562"}],"wp:featuredmedia":[{"embeddable":true,"href":"https:\/\/leichterwandern.de\/index.php?rest_route=\/wp\/v2\/media\/1504"}],"wp:attachment":[{"href":"https:\/\/leichterwandern.de\/index.php?rest_route=%2Fwp%2Fv2%2Fmedia&parent=1256"}],"curies":[{"name":"wp","href":"https:\/\/api.w.org\/{rel}","templated":true}]}}